{"id":2292,"date":"2022-10-25T10:34:26","date_gmt":"2022-10-25T10:34:26","guid":{"rendered":"https:\/\/solebrumas.pt\/?page_id=2292"},"modified":"2022-11-03T10:57:14","modified_gmt":"2022-11-03T10:57:14","slug":"testemunhos","status":"publish","type":"page","link":"https:\/\/solebrumas.pt\/en\/testemunhos\/","title":{"rendered":"Testimonials"},"content":{"rendered":"<div data-elementor-type=\"wp-page\" data-elementor-id=\"2292\" class=\"elementor elementor-2292\">\n\t\t\t\t\t\t\t\t\t<section class=\"elementor-section elementor-top-section elementor-element elementor-element-6d42bf3 elementor-section-boxed elementor-section-height-default elementor-section-height-default\" data-id=\"6d42bf3\" data-element_type=\"section\">\n\t\t\t\t\t\t<div class=\"elementor-container elementor-column-gap-default\">\n\t\t\t\t\t<div class=\"elementor-column elementor-col-100 elementor-top-column elementor-element elementor-element-6fd62f2\" data-id=\"6fd62f2\" data-element_type=\"column\">\n\t\t\t<div class=\"elementor-widget-wrap elementor-element-populated\">\n\t\t\t\t\t\t\t\t<div class=\"elementor-element elementor-element-258395a elementor-widget elementor-widget-heading\" data-id=\"258395a\" data-element_type=\"widget\" data-widget_type=\"heading.default\">\n\t\t\t\t<div class=\"elementor-widget-container\">\n\t\t\t<style>\/*! elementor - v3.10.2 - 29-01-2023 *\/\n.elementor-heading-title{padding:0;margin:0;line-height:1}.elementor-widget-heading .elementor-heading-title[class*=elementor-size-]>a{color:inherit;font-size:inherit;line-height:inherit}.elementor-widget-heading .elementor-heading-title.elementor-size-small{font-size:15px}.elementor-widget-heading .elementor-heading-title.elementor-size-medium{font-size:19px}.elementor-widget-heading .elementor-heading-title.elementor-size-large{font-size:29px}.elementor-widget-heading .elementor-heading-title.elementor-size-xl{font-size:39px}.elementor-widget-heading .elementor-heading-title.elementor-size-xxl{font-size:59px}<\/style><h2 class=\"elementor-heading-title elementor-size-default\">CUSTOMER EXPERIENCE<\/h2>\t\t<\/div>\n\t\t\t\t<\/div>\n\t\t\t\t<div class=\"elementor-element elementor-element-e593db3 elementor-widget elementor-widget-heading\" data-id=\"e593db3\" data-element_type=\"widget\" data-widget_type=\"heading.default\">\n\t\t\t\t<div class=\"elementor-widget-container\">\n\t\t\t<h2 class=\"elementor-heading-title elementor-size-default\">What they have to say\u2026\n<\/h2>\t\t<\/div>\n\t\t\t\t<\/div>\n\t\t\t\t<section class=\"elementor-section elementor-inner-section elementor-element elementor-element-ba09bac elementor-section-content-middle elementor-section-boxed elementor-section-height-default elementor-section-height-default\" data-id=\"ba09bac\" data-element_type=\"section\">\n\t\t\t\t\t\t<div class=\"elementor-container elementor-column-gap-default\">\n\t\t\t\t\t<div class=\"elementor-column elementor-col-50 elementor-inner-column elementor-element elementor-element-b07c32d\" data-id=\"b07c32d\" data-element_type=\"column\">\n\t\t\t<div class=\"elementor-widget-wrap elementor-element-populated\">\n\t\t\t\t\t\t\t\t<div class=\"elementor-element elementor-element-b23fbe5 elementor-widget elementor-widget-text-editor\" data-id=\"b23fbe5\" data-element_type=\"widget\" data-widget_type=\"text-editor.default\">\n\t\t\t\t<div class=\"elementor-widget-container\">\n\t\t\t<style>\/*! elementor - v3.10.2 - 29-01-2023 *\/\n.elementor-widget-text-editor.elementor-drop-cap-view-stacked .elementor-drop-cap{background-color:#818a91;color:#fff}.elementor-widget-text-editor.elementor-drop-cap-view-framed .elementor-drop-cap{color:#818a91;border:3px solid;background-color:transparent}.elementor-widget-text-editor:not(.elementor-drop-cap-view-default) .elementor-drop-cap{margin-top:8px}.elementor-widget-text-editor:not(.elementor-drop-cap-view-default) .elementor-drop-cap-letter{width:1em;height:1em}.elementor-widget-text-editor .elementor-drop-cap{float:left;text-align:center;line-height:1;font-size:50px}.elementor-widget-text-editor .elementor-drop-cap-letter{display:inline-block}<\/style>\t\t\t\t<p><i>\u201cThe right path for the evolution of craftsmanship is to use artisanal techniques to create modern pieces, for daily use and with contemporary taste. All of that can be found in the \u201cSol e Brumas\u201d hats, original, unique, versatile and an explosion of colour and good taste. Congratulations to S\u00f3nia B\u00e1rbara, an artist and artisan who I greatly admire.\u201d <\/i><\/p><p><i>M.M. 28.5.2021 (Terceira Island)<\/i><\/p>\t\t\t\t\t\t<\/div>\n\t\t\t\t<\/div>\n\t\t\t\t\t<\/div>\n\t\t<\/div>\n\t\t\t\t<div class=\"elementor-column elementor-col-50 elementor-inner-column elementor-element elementor-element-753285a\" data-id=\"753285a\" data-element_type=\"column\">\n\t\t\t<div class=\"elementor-widget-wrap elementor-element-populated\">\n\t\t\t\t\t\t\t\t<div class=\"elementor-element elementor-element-be65d94 elementor-widget elementor-widget-image\" data-id=\"be65d94\" data-element_type=\"widget\" data-widget_type=\"image.default\">\n\t\t\t\t<div class=\"elementor-widget-container\">\n\t\t\t<style>\/*! elementor - v3.10.2 - 29-01-2023 *\/\n.elementor-widget-image{text-align:center}.elementor-widget-image a{display:inline-block}.elementor-widget-image a img[src$=\".svg\"]{width:48px}.elementor-widget-image img{vertical-align:middle;display:inline-block}<\/style>\t\t\t\t\t\t\t\t\t\t\t\t<img loading=\"lazy\" decoding=\"async\" width=\"768\" height=\"1024\" src=\"https:\/\/solebrumas.pt\/wp-content\/uploads\/2022\/11\/image52-768x1024.jpg\" class=\"attachment-large size-large wp-image-2302\" alt=\"\" srcset=\"https:\/\/solebrumas.pt\/wp-content\/uploads\/2022\/11\/image52-768x1024.jpg 768w, https:\/\/solebrumas.pt\/wp-content\/uploads\/2022\/11\/image52-225x300.jpg 225w, https:\/\/solebrumas.pt\/wp-content\/uploads\/2022\/11\/image52-1152x1536.jpg 1152w, https:\/\/solebrumas.pt\/wp-content\/uploads\/2022\/11\/image52-600x800.jpg 600w, https:\/\/solebrumas.pt\/wp-content\/uploads\/2022\/11\/image52.jpg 1536w\" sizes=\"(max-width: 768px) 100vw, 768px\" \/>\t\t\t\t\t\t\t\t\t\t\t\t\t\t\t<\/div>\n\t\t\t\t<\/div>\n\t\t\t\t\t<\/div>\n\t\t<\/div>\n\t\t\t\t\t\t\t<\/div>\n\t\t<\/section>\n\t\t\t\t<section class=\"elementor-section elementor-inner-section elementor-element elementor-element-a6c6332 elementor-section-content-middle elementor-section-boxed elementor-section-height-default elementor-section-height-default\" data-id=\"a6c6332\" data-element_type=\"section\">\n\t\t\t\t\t\t<div class=\"elementor-container elementor-column-gap-default\">\n\t\t\t\t\t<div class=\"elementor-column elementor-col-50 elementor-inner-column elementor-element elementor-element-34d1315\" data-id=\"34d1315\" data-element_type=\"column\">\n\t\t\t<div class=\"elementor-widget-wrap elementor-element-populated\">\n\t\t\t\t\t\t\t\t<div class=\"elementor-element elementor-element-164907f elementor-widget elementor-widget-text-editor\" data-id=\"164907f\" data-element_type=\"widget\" data-widget_type=\"text-editor.default\">\n\t\t\t\t<div class=\"elementor-widget-container\">\n\t\t\t\t\t\t\t<p><i>\u201cI really like hats and although I have some from big brands (such as Gucci and Hermes), S\u00f3nia B\u00e1rbara's are in no way inferior. My favourite is the red, wide-brimmed hat. The perfect size and shape of the crown and brim make it look great while also making it very comfortable to wear. A beautiful and timeless hat, like many others by S\u00f3nia.\u201c<\/i><\/p><p>\u00a0C.M. 29.5.2021 (Algarve)<\/p>\t\t\t\t\t\t<\/div>\n\t\t\t\t<\/div>\n\t\t\t\t\t<\/div>\n\t\t<\/div>\n\t\t\t\t<div class=\"elementor-column elementor-col-50 elementor-inner-column elementor-element elementor-element-f7ac096\" data-id=\"f7ac096\" data-element_type=\"column\">\n\t\t\t<div class=\"elementor-widget-wrap elementor-element-populated\">\n\t\t\t\t\t\t\t\t<div class=\"elementor-element elementor-element-e49f454 elementor-widget elementor-widget-image\" data-id=\"e49f454\" data-element_type=\"widget\" data-widget_type=\"image.default\">\n\t\t\t\t<div class=\"elementor-widget-container\">\n\t\t\t\t\t\t\t\t\t\t\t\t\t\t\t<img loading=\"lazy\" decoding=\"async\" width=\"800\" height=\"796\" src=\"https:\/\/solebrumas.pt\/wp-content\/uploads\/2022\/11\/image53.jpg\" class=\"attachment-large size-large wp-image-2303\" alt=\"\" srcset=\"https:\/\/solebrumas.pt\/wp-content\/uploads\/2022\/11\/image53.jpg 828w, https:\/\/solebrumas.pt\/wp-content\/uploads\/2022\/11\/image53-300x300.jpg 300w, https:\/\/solebrumas.pt\/wp-content\/uploads\/2022\/11\/image53-150x150.jpg 150w, https:\/\/solebrumas.pt\/wp-content\/uploads\/2022\/11\/image53-768x764.jpg 768w, https:\/\/solebrumas.pt\/wp-content\/uploads\/2022\/11\/image53-600x597.jpg 600w, https:\/\/solebrumas.pt\/wp-content\/uploads\/2022\/11\/image53-100x100.jpg 100w\" sizes=\"(max-width: 800px) 100vw, 800px\" \/>\t\t\t\t\t\t\t\t\t\t\t\t\t\t\t<\/div>\n\t\t\t\t<\/div>\n\t\t\t\t\t<\/div>\n\t\t<\/div>\n\t\t\t\t\t\t\t<\/div>\n\t\t<\/section>\n\t\t\t\t<section class=\"elementor-section elementor-inner-section elementor-element elementor-element-f7016e5 elementor-section-content-middle elementor-section-boxed elementor-section-height-default elementor-section-height-default\" data-id=\"f7016e5\" data-element_type=\"section\">\n\t\t\t\t\t\t<div class=\"elementor-container elementor-column-gap-default\">\n\t\t\t\t\t<div class=\"elementor-column elementor-col-50 elementor-inner-column elementor-element elementor-element-a07c083\" data-id=\"a07c083\" data-element_type=\"column\">\n\t\t\t<div class=\"elementor-widget-wrap elementor-element-populated\">\n\t\t\t\t\t\t\t\t<div class=\"elementor-element elementor-element-8128682 elementor-widget elementor-widget-text-editor\" data-id=\"8128682\" data-element_type=\"widget\" data-widget_type=\"text-editor.default\">\n\t\t\t\t<div class=\"elementor-widget-container\">\n\t\t\t\t\t\t\t<p><i>\u201cS\u00f3nia's work is all fantastic, from the original idea, the creativity in <\/i><i>designing<\/i><i> the models, the good taste in choosing the materials and colours, the <\/i><i>perfection <\/i><i>in the production process. I love my b&amp;w hat, <\/i><i>p&amp;b<\/i><i>I always take it with me when I travel. (The hat on the head, the friend in the heart).\u201d <\/i><\/p><p><i>I always take it with me when I travel. (The hat on the head, the friend in the heart).\u201d<\/i><\/p>\t\t\t\t\t\t<\/div>\n\t\t\t\t<\/div>\n\t\t\t\t\t<\/div>\n\t\t<\/div>\n\t\t\t\t<div class=\"elementor-column elementor-col-50 elementor-inner-column elementor-element elementor-element-c695577\" data-id=\"c695577\" data-element_type=\"column\">\n\t\t\t<div class=\"elementor-widget-wrap elementor-element-populated\">\n\t\t\t\t\t\t\t\t<div class=\"elementor-element elementor-element-9cbf809 elementor-widget elementor-widget-image\" data-id=\"9cbf809\" data-element_type=\"widget\" data-widget_type=\"image.default\">\n\t\t\t\t<div class=\"elementor-widget-container\">\n\t\t\t\t\t\t\t\t\t\t\t\t\t\t\t<img loading=\"lazy\" decoding=\"async\" width=\"760\" height=\"960\" src=\"https:\/\/solebrumas.pt\/wp-content\/uploads\/2022\/11\/image54.jpg\" class=\"attachment-large size-large wp-image-2304\" alt=\"\" srcset=\"https:\/\/solebrumas.pt\/wp-content\/uploads\/2022\/11\/image54.jpg 760w, https:\/\/solebrumas.pt\/wp-content\/uploads\/2022\/11\/image54-238x300.jpg 238w, https:\/\/solebrumas.pt\/wp-content\/uploads\/2022\/11\/image54-600x758.jpg 600w\" sizes=\"(max-width: 760px) 100vw, 760px\" \/>\t\t\t\t\t\t\t\t\t\t\t\t\t\t\t<\/div>\n\t\t\t\t<\/div>\n\t\t\t\t\t<\/div>\n\t\t<\/div>\n\t\t\t\t\t\t\t<\/div>\n\t\t<\/section>\n\t\t\t\t<section class=\"elementor-section elementor-inner-section elementor-element elementor-element-476f9f3 elementor-section-content-middle elementor-section-boxed elementor-section-height-default elementor-section-height-default\" data-id=\"476f9f3\" data-element_type=\"section\">\n\t\t\t\t\t\t<div class=\"elementor-container elementor-column-gap-default\">\n\t\t\t\t\t<div class=\"elementor-column elementor-col-50 elementor-inner-column elementor-element elementor-element-2326636\" data-id=\"2326636\" data-element_type=\"column\">\n\t\t\t<div class=\"elementor-widget-wrap elementor-element-populated\">\n\t\t\t\t\t\t\t\t<div class=\"elementor-element elementor-element-7853d68 elementor-widget elementor-widget-text-editor\" data-id=\"7853d68\" data-element_type=\"widget\" data-widget_type=\"text-editor.default\">\n\t\t\t\t<div class=\"elementor-widget-container\">\n\t\t\t\t\t\t\t<p><i>Highly versatile, they can be used in countless situations and paired with a variety of styles, depending on the colours and models. Whether on the beach, in the city or at a party, these hats give any look that special touch, in addition to providing great protection from the sun. Made with skill and careful attention to detail, I always wear them with the greatest pleasure.\u201d<\/i><\/p><p><i>\u00a0L.V. 29.5.2021 (Luxemburg)<\/i><\/p>\t\t\t\t\t\t<\/div>\n\t\t\t\t<\/div>\n\t\t\t\t\t<\/div>\n\t\t<\/div>\n\t\t\t\t<div class=\"elementor-column elementor-col-50 elementor-inner-column elementor-element elementor-element-b315d12\" data-id=\"b315d12\" data-element_type=\"column\">\n\t\t\t<div class=\"elementor-widget-wrap elementor-element-populated\">\n\t\t\t\t\t\t\t\t<div class=\"elementor-element elementor-element-77aebb7 elementor-widget elementor-widget-image\" data-id=\"77aebb7\" data-element_type=\"widget\" data-widget_type=\"image.default\">\n\t\t\t\t<div class=\"elementor-widget-container\">\n\t\t\t\t\t\t\t\t\t\t\t\t\t\t\t<img loading=\"lazy\" decoding=\"async\" width=\"155\" height=\"206\" src=\"https:\/\/solebrumas.pt\/wp-content\/uploads\/2022\/11\/image55.jpg\" class=\"attachment-large size-large wp-image-2305\" alt=\"\" \/>\t\t\t\t\t\t\t\t\t\t\t\t\t\t\t<\/div>\n\t\t\t\t<\/div>\n\t\t\t\t\t<\/div>\n\t\t<\/div>\n\t\t\t\t\t\t\t<\/div>\n\t\t<\/section>\n\t\t\t\t<section class=\"elementor-section elementor-inner-section elementor-element elementor-element-fb796b1 elementor-section-content-middle elementor-section-boxed elementor-section-height-default elementor-section-height-default\" data-id=\"fb796b1\" data-element_type=\"section\">\n\t\t\t\t\t\t<div class=\"elementor-container elementor-column-gap-default\">\n\t\t\t\t\t<div class=\"elementor-column elementor-col-50 elementor-inner-column elementor-element elementor-element-53a110d\" data-id=\"53a110d\" data-element_type=\"column\">\n\t\t\t<div class=\"elementor-widget-wrap elementor-element-populated\">\n\t\t\t\t\t\t\t\t<div class=\"elementor-element elementor-element-f2f5db5 elementor-widget elementor-widget-text-editor\" data-id=\"f2f5db5\" data-element_type=\"widget\" data-widget_type=\"text-editor.default\">\n\t\t\t\t<div class=\"elementor-widget-container\">\n\t\t\t\t\t\t\t<p><i>\u201cThere are many hats, but this one is unique!\u201d <\/i><\/p><p><i>N.C. 12.7.2021 (Terceira Island)<\/i><\/p><p>\u00a0<\/p>\t\t\t\t\t\t<\/div>\n\t\t\t\t<\/div>\n\t\t\t\t\t<\/div>\n\t\t<\/div>\n\t\t\t\t<div class=\"elementor-column elementor-col-50 elementor-inner-column elementor-element elementor-element-91743d2\" data-id=\"91743d2\" data-element_type=\"column\">\n\t\t\t<div class=\"elementor-widget-wrap elementor-element-populated\">\n\t\t\t\t\t\t\t\t<div class=\"elementor-element elementor-element-12952a5 elementor-widget elementor-widget-image\" data-id=\"12952a5\" data-element_type=\"widget\" data-widget_type=\"image.default\">\n\t\t\t\t<div class=\"elementor-widget-container\">\n\t\t\t\t\t\t\t\t\t\t\t\t\t\t\t<img loading=\"lazy\" decoding=\"async\" width=\"720\" height=\"960\" src=\"https:\/\/solebrumas.pt\/wp-content\/uploads\/2022\/11\/image56.jpg\" class=\"attachment-large size-large wp-image-2306\" alt=\"\" srcset=\"https:\/\/solebrumas.pt\/wp-content\/uploads\/2022\/11\/image56.jpg 720w, https:\/\/solebrumas.pt\/wp-content\/uploads\/2022\/11\/image56-225x300.jpg 225w, https:\/\/solebrumas.pt\/wp-content\/uploads\/2022\/11\/image56-600x800.jpg 600w\" sizes=\"(max-width: 720px) 100vw, 720px\" \/>\t\t\t\t\t\t\t\t\t\t\t\t\t\t\t<\/div>\n\t\t\t\t<\/div>\n\t\t\t\t\t<\/div>\n\t\t<\/div>\n\t\t\t\t\t\t\t<\/div>\n\t\t<\/section>\n\t\t\t\t\t<\/div>\n\t\t<\/div>\n\t\t\t\t\t\t\t<\/div>\n\t\t<\/section>\n\t\t\t\t\t\t\t<\/div>","protected":false},"excerpt":{"rendered":"<p>EXPERI\u00caNCIA DOS CLIENTES O que dizem\u2026 \u201cO caminho certo para a evolu\u00e7\u00e3o do artesanato \u00e9 usar as t\u00e9cnicas artesanais para criar pe\u00e7as atuais, de uso di\u00e1rio e de gosto contempor\u00e2neo. \u00c9 tudo isto que se encontra nos chap\u00e9us &#8220;Sol e Brumas&#8221;, originais, \u00fanicos, vers\u00e1teis e uma explos\u00e3o de cor e bom gosto. Parab\u00e9ns \u00e0 S\u00f3nia [&hellip;]<\/p>","protected":false},"author":1,"featured_media":0,"parent":0,"menu_order":0,"comment_status":"closed","ping_status":"closed","template":"","meta":{"inline_featured_image":false,"footnotes":""},"class_list":["post-2292","page","type-page","status-publish","hentry"],"_links":{"self":[{"href":"https:\/\/solebrumas.pt\/en\/wp-json\/wp\/v2\/pages\/2292"}],"collection":[{"href":"https:\/\/solebrumas.pt\/en\/wp-json\/wp\/v2\/pages"}],"about":[{"href":"https:\/\/solebrumas.pt\/en\/wp-json\/wp\/v2\/types\/page"}],"author":[{"embeddable":true,"href":"https:\/\/solebrumas.pt\/en\/wp-json\/wp\/v2\/users\/1"}],"replies":[{"embeddable":true,"href":"https:\/\/solebrumas.pt\/en\/wp-json\/wp\/v2\/comments?post=2292"}],"version-history":[{"count":0,"href":"https:\/\/solebrumas.pt\/en\/wp-json\/wp\/v2\/pages\/2292\/revisions"}],"wp:attachment":[{"href":"https:\/\/solebrumas.pt\/en\/wp-json\/wp\/v2\/media?parent=2292"}],"curies":[{"name":"wp","href":"https:\/\/api.w.org\/{rel}","templated":true}]}}