{"id":2493,"date":"2022-11-11T11:50:53","date_gmt":"2022-11-11T11:50:53","guid":{"rendered":"https:\/\/solebrumas.pt\/?page_id=2493"},"modified":"2023-06-21T15:38:08","modified_gmt":"2023-06-21T15:38:08","slug":"visao-e-missao","status":"publish","type":"page","link":"https:\/\/solebrumas.pt\/en\/visao-e-missao\/","title":{"rendered":"Vision and Mission"},"content":{"rendered":"<div data-elementor-type=\"wp-page\" data-elementor-id=\"2493\" class=\"elementor elementor-2493\">\n\t\t\t\t\t\t\t\t\t<section class=\"elementor-section elementor-top-section elementor-element elementor-element-1a88a8b elementor-section-boxed elementor-section-height-default elementor-section-height-default\" data-id=\"1a88a8b\" data-element_type=\"section\">\n\t\t\t\t\t\t<div class=\"elementor-container elementor-column-gap-default\">\n\t\t\t\t\t<div class=\"elementor-column elementor-col-100 elementor-top-column elementor-element elementor-element-318ef22\" data-id=\"318ef22\" data-element_type=\"column\">\n\t\t\t<div class=\"elementor-widget-wrap elementor-element-populated\">\n\t\t\t\t\t\t\t\t<div class=\"elementor-element elementor-element-0ca8b48 elementor-widget elementor-widget-heading\" data-id=\"0ca8b48\" data-element_type=\"widget\" data-widget_type=\"heading.default\">\n\t\t\t\t<div class=\"elementor-widget-container\">\n\t\t\t<style>\/*! elementor - v3.10.2 - 29-01-2023 *\/\n.elementor-heading-title{padding:0;margin:0;line-height:1}.elementor-widget-heading .elementor-heading-title[class*=elementor-size-]>a{color:inherit;font-size:inherit;line-height:inherit}.elementor-widget-heading .elementor-heading-title.elementor-size-small{font-size:15px}.elementor-widget-heading .elementor-heading-title.elementor-size-medium{font-size:19px}.elementor-widget-heading .elementor-heading-title.elementor-size-large{font-size:29px}.elementor-widget-heading .elementor-heading-title.elementor-size-xl{font-size:39px}.elementor-widget-heading .elementor-heading-title.elementor-size-xxl{font-size:59px}<\/style><h2 class=\"elementor-heading-title elementor-size-default\">VISION AND MISSION <\/h2>\t\t<\/div>\n\t\t\t\t<\/div>\n\t\t\t\t<div class=\"elementor-element elementor-element-70afec7 elementor-widget elementor-widget-text-editor\" data-id=\"70afec7\" data-element_type=\"widget\" data-widget_type=\"text-editor.default\">\n\t\t\t\t<div class=\"elementor-widget-container\">\n\t\t\t<style>\/*! elementor - v3.10.2 - 29-01-2023 *\/\n.elementor-widget-text-editor.elementor-drop-cap-view-stacked .elementor-drop-cap{background-color:#818a91;color:#fff}.elementor-widget-text-editor.elementor-drop-cap-view-framed .elementor-drop-cap{color:#818a91;border:3px solid;background-color:transparent}.elementor-widget-text-editor:not(.elementor-drop-cap-view-default) .elementor-drop-cap{margin-top:8px}.elementor-widget-text-editor:not(.elementor-drop-cap-view-default) .elementor-drop-cap-letter{width:1em;height:1em}.elementor-widget-text-editor .elementor-drop-cap{float:left;text-align:center;line-height:1;font-size:50px}.elementor-widget-text-editor .elementor-drop-cap-letter{display:inline-block}<\/style>\t\t\t\t<p><i>\u201cCreating unique and timeless fashion accessories\u2026\"<\/i><\/p>\t\t\t\t\t\t<\/div>\n\t\t\t\t<\/div>\n\t\t\t\t\t<\/div>\n\t\t<\/div>\n\t\t\t\t\t\t\t<\/div>\n\t\t<\/section>\n\t\t\t\t<section class=\"elementor-section elementor-top-section elementor-element elementor-element-54f49ea elementor-section-boxed elementor-section-height-default elementor-section-height-default\" data-id=\"54f49ea\" data-element_type=\"section\">\n\t\t\t\t\t\t<div class=\"elementor-container elementor-column-gap-no\">\n\t\t\t\t\t<div class=\"elementor-column elementor-col-100 elementor-top-column elementor-element elementor-element-488b2e7\" data-id=\"488b2e7\" data-element_type=\"column\">\n\t\t\t<div class=\"elementor-widget-wrap elementor-element-populated\">\n\t\t\t\t\t\t\t\t<div class=\"elementor-element elementor-element-3cdfa20 elementor-widget elementor-widget-image\" data-id=\"3cdfa20\" data-element_type=\"widget\" data-widget_type=\"image.default\">\n\t\t\t\t<div class=\"elementor-widget-container\">\n\t\t\t<style>\/*! elementor - v3.10.2 - 29-01-2023 *\/\n.elementor-widget-image{text-align:center}.elementor-widget-image a{display:inline-block}.elementor-widget-image a img[src$=\".svg\"]{width:48px}.elementor-widget-image img{vertical-align:middle;display:inline-block}<\/style>\t\t\t\t\t\t\t\t\t\t\t\t<img loading=\"lazy\" decoding=\"async\" width=\"800\" height=\"313\" src=\"https:\/\/solebrumas.pt\/wp-content\/uploads\/2023\/05\/Missao-e-Valores_Ingles.png\" class=\"attachment-large size-large wp-image-3212\" alt=\"\" srcset=\"https:\/\/solebrumas.pt\/wp-content\/uploads\/2023\/05\/Missao-e-Valores_Ingles.png 1920w, https:\/\/solebrumas.pt\/wp-content\/uploads\/2023\/05\/Missao-e-Valores_Ingles-300x117.png 300w, https:\/\/solebrumas.pt\/wp-content\/uploads\/2023\/05\/Missao-e-Valores_Ingles-1024x401.png 1024w, https:\/\/solebrumas.pt\/wp-content\/uploads\/2023\/05\/Missao-e-Valores_Ingles-768x300.png 768w, https:\/\/solebrumas.pt\/wp-content\/uploads\/2023\/05\/Missao-e-Valores_Ingles-1536x601.png 1536w, https:\/\/solebrumas.pt\/wp-content\/uploads\/2023\/05\/Missao-e-Valores_Ingles-18x7.png 18w, https:\/\/solebrumas.pt\/wp-content\/uploads\/2023\/05\/Missao-e-Valores_Ingles-600x235.png 600w\" sizes=\"(max-width: 800px) 100vw, 800px\" \/>\t\t\t\t\t\t\t\t\t\t\t\t\t\t\t<\/div>\n\t\t\t\t<\/div>\n\t\t\t\t\t<\/div>\n\t\t<\/div>\n\t\t\t\t\t\t\t<\/div>\n\t\t<\/section>\n\t\t\t\t<section class=\"elementor-section elementor-top-section elementor-element elementor-element-3a16d28 elementor-section-boxed elementor-section-height-default elementor-section-height-default\" data-id=\"3a16d28\" data-element_type=\"section\">\n\t\t\t\t\t\t<div class=\"elementor-container elementor-column-gap-default\">\n\t\t\t\t\t<div class=\"elementor-column elementor-col-100 elementor-top-column elementor-element elementor-element-c14b1f9\" data-id=\"c14b1f9\" data-element_type=\"column\">\n\t\t\t<div class=\"elementor-widget-wrap elementor-element-populated\">\n\t\t\t\t\t\t\t\t<div class=\"elementor-element elementor-element-c47c3f6 elementor-widget elementor-widget-heading\" data-id=\"c47c3f6\" data-element_type=\"widget\" data-widget_type=\"heading.default\">\n\t\t\t\t<div class=\"elementor-widget-container\">\n\t\t\t<h2 class=\"elementor-heading-title elementor-size-default\">PRINCIPLES<\/h2>\t\t<\/div>\n\t\t\t\t<\/div>\n\t\t\t\t<div class=\"elementor-element elementor-element-ae228cf elementor-widget elementor-widget-text-editor\" data-id=\"ae228cf\" data-element_type=\"widget\" data-widget_type=\"text-editor.default\">\n\t\t\t\t<div class=\"elementor-widget-container\">\n\t\t\t\t\t\t\t<p><i>\u201ccontributing to the reduction of the environmental impact\u201d<\/i><\/p>\t\t\t\t\t\t<\/div>\n\t\t\t\t<\/div>\n\t\t\t\t<div class=\"elementor-element elementor-element-8d5a8fd elementor-widget elementor-widget-text-editor\" data-id=\"8d5a8fd\" data-element_type=\"widget\" data-widget_type=\"text-editor.default\">\n\t\t\t\t<div class=\"elementor-widget-container\">\n\t\t\t\t\t\t\t<p>All pieces are ecologically and environmentally sustainable, creative, unique and unrepeatable solutions for making the \u201cmaximum\u201d use of scraps.<\/p>\t\t\t\t\t\t<\/div>\n\t\t\t\t<\/div>\n\t\t\t\t\t<\/div>\n\t\t<\/div>\n\t\t\t\t\t\t\t<\/div>\n\t\t<\/section>\n\t\t\t\t<section class=\"elementor-section elementor-top-section elementor-element elementor-element-ec64a7a elementor-section-boxed elementor-section-height-default elementor-section-height-default\" data-id=\"ec64a7a\" data-element_type=\"section\">\n\t\t\t\t\t\t<div class=\"elementor-container elementor-column-gap-default\">\n\t\t\t\t\t<div class=\"elementor-column elementor-col-50 elementor-top-column elementor-element elementor-element-4992e53\" data-id=\"4992e53\" data-element_type=\"column\">\n\t\t\t<div class=\"elementor-widget-wrap elementor-element-populated\">\n\t\t\t\t\t\t\t\t<div class=\"elementor-element elementor-element-11c094f elementor-widget elementor-widget-heading\" data-id=\"11c094f\" data-element_type=\"widget\" data-widget_type=\"heading.default\">\n\t\t\t\t<div class=\"elementor-widget-container\">\n\t\t\t<h2 class=\"elementor-heading-title elementor-size-default\">PROCESS<\/h2>\t\t<\/div>\n\t\t\t\t<\/div>\n\t\t\t\t<div class=\"elementor-element elementor-element-c6c10ad elementor-widget elementor-widget-heading\" data-id=\"c6c10ad\" data-element_type=\"widget\" data-widget_type=\"heading.default\">\n\t\t\t\t<div class=\"elementor-widget-container\">\n\t\t\t<h2 class=\"elementor-heading-title elementor-size-default\">Craftsmanship\n<\/h2>\t\t<\/div>\n\t\t\t\t<\/div>\n\t\t\t\t<div class=\"elementor-element elementor-element-ea87d60 elementor-widget elementor-widget-text-editor\" data-id=\"ea87d60\" data-element_type=\"widget\" data-widget_type=\"text-editor.default\">\n\t\t\t\t<div class=\"elementor-widget-container\">\n\t\t\t\t\t\t\t<p><i>Each Sol e Brumas piece is crafted by hand, being original and unique in the Azores and in the world.<\/i><\/p><p><i>The production technique results from an interpretation of traditional patchwork from the Azores \u2013 a technique which mixes fabrics with an infinite number of patterns, shapes, colours and various stitches, known as<\/i><i>crazy<\/i><i> \"crazy patchwork\u201d or \u201ccrazy Azorean work\u201d.<\/i><\/p><p><i>On average, it takes at least a day to produce a hat.<\/i><\/p><p><i>The end product is the result of the time and dedication of the artisan who assembles, cuts, moulds with pins, tacks and finally sews the strips of fabric.<\/i><\/p>\t\t\t\t\t\t<\/div>\n\t\t\t\t<\/div>\n\t\t\t\t\t<\/div>\n\t\t<\/div>\n\t\t\t\t<div class=\"elementor-column elementor-col-50 elementor-top-column elementor-element elementor-element-9449a64\" data-id=\"9449a64\" data-element_type=\"column\">\n\t\t\t<div class=\"elementor-widget-wrap elementor-element-populated\">\n\t\t\t\t\t\t\t\t<div class=\"elementor-element elementor-element-21547ea elementor-widget elementor-widget-image\" data-id=\"21547ea\" data-element_type=\"widget\" data-widget_type=\"image.default\">\n\t\t\t\t<div class=\"elementor-widget-container\">\n\t\t\t\t\t\t\t\t\t\t\t\t\t\t\t<img loading=\"lazy\" decoding=\"async\" width=\"768\" height=\"1024\" src=\"https:\/\/solebrumas.pt\/wp-content\/uploads\/2022\/11\/image45-1-scaled-e1668167105788-768x1024.jpeg\" class=\"attachment-large size-large wp-image-2495\" alt=\"\" srcset=\"https:\/\/solebrumas.pt\/wp-content\/uploads\/2022\/11\/image45-1-scaled-e1668167105788-768x1024.jpeg 768w, https:\/\/solebrumas.pt\/wp-content\/uploads\/2022\/11\/image45-1-scaled-e1668167105788-225x300.jpeg 225w, https:\/\/solebrumas.pt\/wp-content\/uploads\/2022\/11\/image45-1-scaled-e1668167105788-1152x1536.jpeg 1152w, https:\/\/solebrumas.pt\/wp-content\/uploads\/2022\/11\/image45-1-scaled-e1668167105788-1536x2048.jpeg 1536w, https:\/\/solebrumas.pt\/wp-content\/uploads\/2022\/11\/image45-1-scaled-e1668167105788-600x800.jpeg 600w, https:\/\/solebrumas.pt\/wp-content\/uploads\/2022\/11\/image45-1-scaled-e1668167105788.jpeg 1920w\" sizes=\"(max-width: 768px) 100vw, 768px\" \/>\t\t\t\t\t\t\t\t\t\t\t\t\t\t\t<\/div>\n\t\t\t\t<\/div>\n\t\t\t\t\t<\/div>\n\t\t<\/div>\n\t\t\t\t\t\t\t<\/div>\n\t\t<\/section>\n\t\t\t\t<section class=\"elementor-section elementor-top-section elementor-element elementor-element-ad9621c elementor-section-boxed elementor-section-height-default elementor-section-height-default\" data-id=\"ad9621c\" data-element_type=\"section\">\n\t\t\t\t\t\t<div class=\"elementor-container elementor-column-gap-default\">\n\t\t\t\t\t<div class=\"elementor-column elementor-col-100 elementor-top-column elementor-element elementor-element-27187af\" data-id=\"27187af\" data-element_type=\"column\">\n\t\t\t<div class=\"elementor-widget-wrap elementor-element-populated\">\n\t\t\t\t\t\t\t\t<div class=\"elementor-element elementor-element-aa7df7b elementor-widget elementor-widget-text-editor\" data-id=\"aa7df7b\" data-element_type=\"widget\" data-widget_type=\"text-editor.default\">\n\t\t\t\t<div class=\"elementor-widget-container\">\n\t\t\t\t\t\t\t<p>Each piece produced is the result of the time and dedication of the artisan who assembles, cuts, moulds, tacks and finally sews the strips of fabric.<\/p><p>On average, it takes at least one day to produce a hat.<\/p>\t\t\t\t\t\t<\/div>\n\t\t\t\t<\/div>\n\t\t\t\t\t<\/div>\n\t\t<\/div>\n\t\t\t\t\t\t\t<\/div>\n\t\t<\/section>\n\t\t\t\t<section class=\"elementor-section elementor-top-section elementor-element elementor-element-3ffeab0 elementor-section-boxed elementor-section-height-default elementor-section-height-default\" data-id=\"3ffeab0\" data-element_type=\"section\">\n\t\t\t\t\t\t<div class=\"elementor-container elementor-column-gap-default\">\n\t\t\t\t\t<div class=\"elementor-column elementor-col-25 elementor-top-column elementor-element elementor-element-fb53d12\" data-id=\"fb53d12\" data-element_type=\"column\">\n\t\t\t<div class=\"elementor-widget-wrap elementor-element-populated\">\n\t\t\t\t\t\t\t\t<div class=\"elementor-element elementor-element-e97df00 elementor-widget elementor-widget-image\" data-id=\"e97df00\" data-element_type=\"widget\" data-widget_type=\"image.default\">\n\t\t\t\t<div class=\"elementor-widget-container\">\n\t\t\t\t\t\t\t\t\t\t\t\t\t\t\t<img loading=\"lazy\" decoding=\"async\" width=\"768\" height=\"1024\" src=\"https:\/\/solebrumas.pt\/wp-content\/uploads\/2022\/11\/image46-1-768x1024.jpeg\" class=\"attachment-large size-large wp-image-2497\" alt=\"\" srcset=\"https:\/\/solebrumas.pt\/wp-content\/uploads\/2022\/11\/image46-1-768x1024.jpeg 768w, https:\/\/solebrumas.pt\/wp-content\/uploads\/2022\/11\/image46-1-225x300.jpeg 225w, https:\/\/solebrumas.pt\/wp-content\/uploads\/2022\/11\/image46-1-1152x1536.jpeg 1152w, https:\/\/solebrumas.pt\/wp-content\/uploads\/2022\/11\/image46-1-600x800.jpeg 600w, https:\/\/solebrumas.pt\/wp-content\/uploads\/2022\/11\/image46-1.jpeg 1536w\" sizes=\"(max-width: 768px) 100vw, 768px\" \/>\t\t\t\t\t\t\t\t\t\t\t\t\t\t\t<\/div>\n\t\t\t\t<\/div>\n\t\t\t\t\t<\/div>\n\t\t<\/div>\n\t\t\t\t<div class=\"elementor-column elementor-col-25 elementor-top-column elementor-element elementor-element-83f0b0a\" data-id=\"83f0b0a\" data-element_type=\"column\">\n\t\t\t<div class=\"elementor-widget-wrap elementor-element-populated\">\n\t\t\t\t\t\t\t\t<div class=\"elementor-element elementor-element-2daf04d elementor-widget elementor-widget-image\" data-id=\"2daf04d\" data-element_type=\"widget\" data-widget_type=\"image.default\">\n\t\t\t\t<div class=\"elementor-widget-container\">\n\t\t\t\t\t\t\t\t\t\t\t\t\t\t\t<img loading=\"lazy\" decoding=\"async\" width=\"454\" height=\"524\" src=\"https:\/\/solebrumas.pt\/wp-content\/uploads\/2022\/11\/image50.png\" class=\"attachment-large size-large wp-image-2853\" alt=\"\" srcset=\"https:\/\/solebrumas.pt\/wp-content\/uploads\/2022\/11\/image50.png 454w, https:\/\/solebrumas.pt\/wp-content\/uploads\/2022\/11\/image50-260x300.png 260w\" sizes=\"(max-width: 454px) 100vw, 454px\" \/>\t\t\t\t\t\t\t\t\t\t\t\t\t\t\t<\/div>\n\t\t\t\t<\/div>\n\t\t\t\t\t<\/div>\n\t\t<\/div>\n\t\t\t\t<div class=\"elementor-column elementor-col-25 elementor-top-column elementor-element elementor-element-3557e93\" data-id=\"3557e93\" data-element_type=\"column\">\n\t\t\t<div class=\"elementor-widget-wrap elementor-element-populated\">\n\t\t\t\t\t\t\t\t<div class=\"elementor-element elementor-element-ca9db55 elementor-widget elementor-widget-image\" data-id=\"ca9db55\" data-element_type=\"widget\" data-widget_type=\"image.default\">\n\t\t\t\t<div class=\"elementor-widget-container\">\n\t\t\t\t\t\t\t\t\t\t\t\t\t\t\t<img loading=\"lazy\" decoding=\"async\" width=\"768\" height=\"1024\" src=\"https:\/\/solebrumas.pt\/wp-content\/uploads\/2022\/11\/image47-1-768x1024.jpeg\" class=\"attachment-large size-large wp-image-2498\" alt=\"\" srcset=\"https:\/\/solebrumas.pt\/wp-content\/uploads\/2022\/11\/image47-1-768x1024.jpeg 768w, https:\/\/solebrumas.pt\/wp-content\/uploads\/2022\/11\/image47-1-225x300.jpeg 225w, https:\/\/solebrumas.pt\/wp-content\/uploads\/2022\/11\/image47-1-1152x1536.jpeg 1152w, https:\/\/solebrumas.pt\/wp-content\/uploads\/2022\/11\/image47-1-600x800.jpeg 600w, https:\/\/solebrumas.pt\/wp-content\/uploads\/2022\/11\/image47-1.jpeg 1536w\" sizes=\"(max-width: 768px) 100vw, 768px\" \/>\t\t\t\t\t\t\t\t\t\t\t\t\t\t\t<\/div>\n\t\t\t\t<\/div>\n\t\t\t\t\t<\/div>\n\t\t<\/div>\n\t\t\t\t<div class=\"elementor-column elementor-col-25 elementor-top-column elementor-element elementor-element-8ecd490\" data-id=\"8ecd490\" data-element_type=\"column\">\n\t\t\t<div class=\"elementor-widget-wrap elementor-element-populated\">\n\t\t\t\t\t\t\t\t<div class=\"elementor-element elementor-element-c3542d3 elementor-widget elementor-widget-image\" data-id=\"c3542d3\" data-element_type=\"widget\" data-widget_type=\"image.default\">\n\t\t\t\t<div class=\"elementor-widget-container\">\n\t\t\t\t\t\t\t\t\t\t\t\t\t\t\t<img loading=\"lazy\" decoding=\"async\" width=\"768\" height=\"1024\" src=\"https:\/\/solebrumas.pt\/wp-content\/uploads\/2022\/11\/image48-1-768x1024.jpeg\" class=\"attachment-large size-large wp-image-2499\" alt=\"\" srcset=\"https:\/\/solebrumas.pt\/wp-content\/uploads\/2022\/11\/image48-1-768x1024.jpeg 768w, https:\/\/solebrumas.pt\/wp-content\/uploads\/2022\/11\/image48-1-225x300.jpeg 225w, https:\/\/solebrumas.pt\/wp-content\/uploads\/2022\/11\/image48-1-1152x1536.jpeg 1152w, https:\/\/solebrumas.pt\/wp-content\/uploads\/2022\/11\/image48-1-600x800.jpeg 600w, https:\/\/solebrumas.pt\/wp-content\/uploads\/2022\/11\/image48-1.jpeg 1536w\" sizes=\"(max-width: 768px) 100vw, 768px\" \/>\t\t\t\t\t\t\t\t\t\t\t\t\t\t\t<\/div>\n\t\t\t\t<\/div>\n\t\t\t\t\t<\/div>\n\t\t<\/div>\n\t\t\t\t\t\t\t<\/div>\n\t\t<\/section>\n\t\t\t\t\t\t\t<\/div>","protected":false},"excerpt":{"rendered":"<p>VIS\u00c3O E MISS\u00c3O &#8220;Criar acess\u00f3rios de moda \u00fanicos e intemporais\u2026\u201d PRINC\u00cdPIOS \u201ca contribuir para a redu\u00e7\u00e3o do impacto ambiental\u201d Todas as pe\u00e7as s\u00e3o solu\u00e7\u00f5es ecol\u00f3gica e ambientalmente suport\u00e1veis, criativas, \u00fanicas e irrepet\u00edveis de aproveitamento &#8220;ao m\u00e1ximo&#8221; dos retalhos. PROCESSO Artesanato Cada pe\u00e7a \u201cSol e Brumas\u201d, \u00e9 produzida artesanalmente, sendo\u00a0 original e \u00fanica nos A\u00e7ores e [&hellip;]<\/p>","protected":false},"author":1,"featured_media":0,"parent":0,"menu_order":0,"comment_status":"closed","ping_status":"closed","template":"","meta":{"inline_featured_image":false,"footnotes":""},"class_list":["post-2493","page","type-page","status-publish","hentry"],"_links":{"self":[{"href":"https:\/\/solebrumas.pt\/en\/wp-json\/wp\/v2\/pages\/2493"}],"collection":[{"href":"https:\/\/solebrumas.pt\/en\/wp-json\/wp\/v2\/pages"}],"about":[{"href":"https:\/\/solebrumas.pt\/en\/wp-json\/wp\/v2\/types\/page"}],"author":[{"embeddable":true,"href":"https:\/\/solebrumas.pt\/en\/wp-json\/wp\/v2\/users\/1"}],"replies":[{"embeddable":true,"href":"https:\/\/solebrumas.pt\/en\/wp-json\/wp\/v2\/comments?post=2493"}],"version-history":[{"count":0,"href":"https:\/\/solebrumas.pt\/en\/wp-json\/wp\/v2\/pages\/2493\/revisions"}],"wp:attachment":[{"href":"https:\/\/solebrumas.pt\/en\/wp-json\/wp\/v2\/media?parent=2493"}],"curies":[{"name":"wp","href":"https:\/\/api.w.org\/{rel}","templated":true}]}}