{"id":93,"date":"2022-05-23T13:49:09","date_gmt":"2022-05-23T13:49:09","guid":{"rendered":"https:\/\/solebrumas.pt\/?page_id=93"},"modified":"2022-11-29T14:20:44","modified_gmt":"2022-11-29T14:20:44","slug":"sobre-nos","status":"publish","type":"page","link":"https:\/\/solebrumas.pt\/en\/sobre-nos\/","title":{"rendered":"About Us"},"content":{"rendered":"<div data-elementor-type=\"wp-page\" data-elementor-id=\"93\" class=\"elementor elementor-93\">\n\t\t\t\t\t\t\t\t\t<section class=\"elementor-section elementor-top-section elementor-element elementor-element-5455511 elementor-section-boxed elementor-section-height-default elementor-section-height-default\" data-id=\"5455511\" data-element_type=\"section\">\n\t\t\t\t\t\t<div class=\"elementor-container elementor-column-gap-default\">\n\t\t\t\t\t<div class=\"elementor-column elementor-col-100 elementor-top-column elementor-element elementor-element-69f7e60\" data-id=\"69f7e60\" data-element_type=\"column\">\n\t\t\t<div class=\"elementor-widget-wrap elementor-element-populated\">\n\t\t\t\t\t\t\t\t<div class=\"elementor-element elementor-element-d5ad364 elementor-widget elementor-widget-heading\" data-id=\"d5ad364\" data-element_type=\"widget\" data-widget_type=\"heading.default\">\n\t\t\t\t<div class=\"elementor-widget-container\">\n\t\t\t<style>\/*! elementor - v3.10.2 - 29-01-2023 *\/\n.elementor-heading-title{padding:0;margin:0;line-height:1}.elementor-widget-heading .elementor-heading-title[class*=elementor-size-]>a{color:inherit;font-size:inherit;line-height:inherit}.elementor-widget-heading .elementor-heading-title.elementor-size-small{font-size:15px}.elementor-widget-heading .elementor-heading-title.elementor-size-medium{font-size:19px}.elementor-widget-heading .elementor-heading-title.elementor-size-large{font-size:29px}.elementor-widget-heading .elementor-heading-title.elementor-size-xl{font-size:39px}.elementor-widget-heading .elementor-heading-title.elementor-size-xxl{font-size:59px}<\/style><h2 class=\"elementor-heading-title elementor-size-default\">THE BRAND\u2019S HISTORY \n<\/h2>\t\t<\/div>\n\t\t\t\t<\/div>\n\t\t\t\t\t<\/div>\n\t\t<\/div>\n\t\t\t\t\t\t\t<\/div>\n\t\t<\/section>\n\t\t\t\t<section class=\"elementor-section elementor-top-section elementor-element elementor-element-dd2cc58 elementor-section-content-top elementor-section-boxed elementor-section-height-default elementor-section-height-default\" data-id=\"dd2cc58\" data-element_type=\"section\">\n\t\t\t\t\t\t<div class=\"elementor-container elementor-column-gap-default\">\n\t\t\t\t\t<div class=\"elementor-column elementor-col-50 elementor-top-column elementor-element elementor-element-b8f1175\" data-id=\"b8f1175\" data-element_type=\"column\">\n\t\t\t<div class=\"elementor-widget-wrap elementor-element-populated\">\n\t\t\t\t\t\t\t\t<div class=\"elementor-element elementor-element-bd45abe elementor-widget elementor-widget-heading\" data-id=\"bd45abe\" data-element_type=\"widget\" data-widget_type=\"heading.default\">\n\t\t\t\t<div class=\"elementor-widget-container\">\n\t\t\t<h2 class=\"elementor-heading-title elementor-size-default\">The first hat\n<\/h2>\t\t<\/div>\n\t\t\t\t<\/div>\n\t\t\t\t<div class=\"elementor-element elementor-element-3cc341b elementor-widget elementor-widget-text-editor\" data-id=\"3cc341b\" data-element_type=\"widget\" data-widget_type=\"text-editor.default\">\n\t\t\t\t<div class=\"elementor-widget-container\">\n\t\t\t<style>\/*! elementor - v3.10.2 - 29-01-2023 *\/\n.elementor-widget-text-editor.elementor-drop-cap-view-stacked .elementor-drop-cap{background-color:#818a91;color:#fff}.elementor-widget-text-editor.elementor-drop-cap-view-framed .elementor-drop-cap{color:#818a91;border:3px solid;background-color:transparent}.elementor-widget-text-editor:not(.elementor-drop-cap-view-default) .elementor-drop-cap{margin-top:8px}.elementor-widget-text-editor:not(.elementor-drop-cap-view-default) .elementor-drop-cap-letter{width:1em;height:1em}.elementor-widget-text-editor .elementor-drop-cap{float:left;text-align:center;line-height:1;font-size:50px}.elementor-widget-text-editor .elementor-drop-cap-letter{display:inline-block}<\/style>\t\t\t\t<p><i>The first hat was made on an impulse.<\/i><\/p><p><i>After having seen a photo of a hat made from strips of fabric in a Burda magazine, I decided to make a hat for myself.<\/i><\/p><p><i>With no reference patterns or experience in making hats, it is worth noting that the photograph contained only the following caption: made with strips of fabric, glued onto the interlining\u2026 <\/i><\/p><p><i>I went to the living room table to make cardboard patterns from cereal boxes. I took plates and pizza pans to get a suitable diameter and designed and sized flat shapes.<\/i><\/p><p><i>To achieve the hat's truncated cone, I geometrically designed \"a section\" that would serve as a base for applying the fabric strips and would give the hat the height I wanted.<\/i><\/p><p><i>I traced and cut strips of fabric from used clothing and placing them alongside each other with pins in concentric circles, obtaining the top and bottom of the hat. After being tacked and sewn, they were ready for the next phase: creating the volume. <\/i><\/p><p><i>After assembling all the different parts, I completed my first hat in 2016.<\/i><\/p><p>S.B.<\/p>\t\t\t\t\t\t<\/div>\n\t\t\t\t<\/div>\n\t\t\t\t<div class=\"elementor-element elementor-element-8fa3bea elementor-widget elementor-widget-heading\" data-id=\"8fa3bea\" data-element_type=\"widget\" data-widget_type=\"heading.default\">\n\t\t\t\t<div class=\"elementor-widget-container\">\n\t\t\t<h2 class=\"elementor-heading-title elementor-size-default\">The name<\/h2>\t\t<\/div>\n\t\t\t\t<\/div>\n\t\t\t\t<div class=\"elementor-element elementor-element-115b44e elementor-widget elementor-widget-text-editor\" data-id=\"115b44e\" data-element_type=\"widget\" data-widget_type=\"text-editor.default\">\n\t\t\t\t<div class=\"elementor-widget-container\">\n\t\t\t\t\t\t\t<p><i>The name, Sol e Brumas (\u201cSun and Mists\u201d), resulted from the need to name that first hat, because, happy with the result, I decided to participate in the contest, \u201cDiscover Portuguese Sewing\u201d, with it. <\/i><\/p><p><i>No, it didn't win the contest, but it did win a name for what would become a Marca A\u00e7ores (Azores Brand) in 2016 and a Registered Trademark in 2018.<\/i><\/p><p><i>Made in the Azores, it was the Azorean climate which inspired the name: <\/i><\/p><p><i>\u201cIt represents the unpredictable climate of the Azores, where the four seasons unfold in a single day, when the sun and mists combine in a profusion of affable colours\u201d. <\/i>S.B.<\/p><p><i>And, despite not having been intentional, the fact is that <\/i><b><i>S<\/i><\/b><i>\u00f3nia <\/i><b><i>B<\/i><\/b><i>\u00e1rbara is <\/i><b><i>S<\/i><\/b><i>ol e <\/i><b><i>B<\/i><\/b><i>rumas and <\/i><b><i>S<\/i><\/b><i>ol e <\/i><b><i>B<\/i><\/b><i>rumas and <\/i><b><i>S<\/i><\/b><i>\u00f3nia <\/i><b><i>B<\/i><\/b><i>\u00e1rbara, but that name\u2019s origin was different.<\/i><\/p>\t\t\t\t\t\t<\/div>\n\t\t\t\t<\/div>\n\t\t\t\t\t<\/div>\n\t\t<\/div>\n\t\t\t\t<div class=\"elementor-column elementor-col-50 elementor-top-column elementor-element elementor-element-9b6533e\" data-id=\"9b6533e\" data-element_type=\"column\">\n\t\t\t<div class=\"elementor-widget-wrap elementor-element-populated\">\n\t\t\t\t\t\t\t\t<div class=\"elementor-element elementor-element-7426d22 elementor-widget elementor-widget-image\" data-id=\"7426d22\" data-element_type=\"widget\" data-widget_type=\"image.default\">\n\t\t\t\t<div class=\"elementor-widget-container\">\n\t\t\t<style>\/*! elementor - v3.10.2 - 29-01-2023 *\/\n.elementor-widget-image{text-align:center}.elementor-widget-image a{display:inline-block}.elementor-widget-image a img[src$=\".svg\"]{width:48px}.elementor-widget-image img{vertical-align:middle;display:inline-block}<\/style>\t\t\t\t\t\t\t\t\t\t\t\t<img loading=\"lazy\" decoding=\"async\" width=\"768\" height=\"1024\" src=\"https:\/\/solebrumas.pt\/wp-content\/uploads\/2022\/11\/image37-scaled-768x1024.jpeg\" class=\"attachment-large size-large wp-image-2323\" alt=\"\" srcset=\"https:\/\/solebrumas.pt\/wp-content\/uploads\/2022\/11\/image37-scaled-768x1024.jpeg 768w, https:\/\/solebrumas.pt\/wp-content\/uploads\/2022\/11\/image37-scaled-225x300.jpeg 225w, https:\/\/solebrumas.pt\/wp-content\/uploads\/2022\/11\/image37-scaled-1152x1536.jpeg 1152w, https:\/\/solebrumas.pt\/wp-content\/uploads\/2022\/11\/image37-scaled-1536x2048.jpeg 1536w, https:\/\/solebrumas.pt\/wp-content\/uploads\/2022\/11\/image37-scaled-600x800.jpeg 600w, https:\/\/solebrumas.pt\/wp-content\/uploads\/2022\/11\/image37-scaled.jpeg 1920w\" sizes=\"(max-width: 768px) 100vw, 768px\" \/>\t\t\t\t\t\t\t\t\t\t\t\t\t\t\t<\/div>\n\t\t\t\t<\/div>\n\t\t\t\t<div class=\"elementor-element elementor-element-d7e33cd elementor-widget elementor-widget-image\" data-id=\"d7e33cd\" data-element_type=\"widget\" data-widget_type=\"image.default\">\n\t\t\t\t<div class=\"elementor-widget-container\">\n\t\t\t\t\t\t\t\t\t\t\t\t\t\t\t<img loading=\"lazy\" decoding=\"async\" width=\"422\" height=\"506\" src=\"https:\/\/solebrumas.pt\/wp-content\/uploads\/2022\/11\/image39.png\" class=\"attachment-large size-large wp-image-2325\" alt=\"\" srcset=\"https:\/\/solebrumas.pt\/wp-content\/uploads\/2022\/11\/image39.png 422w, https:\/\/solebrumas.pt\/wp-content\/uploads\/2022\/11\/image39-250x300.png 250w\" sizes=\"(max-width: 422px) 100vw, 422px\" \/>\t\t\t\t\t\t\t\t\t\t\t\t\t\t\t<\/div>\n\t\t\t\t<\/div>\n\t\t\t\t<div class=\"elementor-element elementor-element-f158774 elementor-widget elementor-widget-image\" data-id=\"f158774\" data-element_type=\"widget\" data-widget_type=\"image.default\">\n\t\t\t\t<div class=\"elementor-widget-container\">\n\t\t\t\t\t\t\t\t\t\t\t\t\t\t\t<img loading=\"lazy\" decoding=\"async\" width=\"800\" height=\"370\" src=\"https:\/\/solebrumas.pt\/wp-content\/uploads\/2022\/11\/image43-1024x473.jpg\" class=\"attachment-large size-large wp-image-2329\" alt=\"\" srcset=\"https:\/\/solebrumas.pt\/wp-content\/uploads\/2022\/11\/image43-1024x473.jpg 1024w, https:\/\/solebrumas.pt\/wp-content\/uploads\/2022\/11\/image43-300x138.jpg 300w, https:\/\/solebrumas.pt\/wp-content\/uploads\/2022\/11\/image43-768x354.jpg 768w, https:\/\/solebrumas.pt\/wp-content\/uploads\/2022\/11\/image43-1536x709.jpg 1536w, https:\/\/solebrumas.pt\/wp-content\/uploads\/2022\/11\/image43-600x277.jpg 600w, https:\/\/solebrumas.pt\/wp-content\/uploads\/2022\/11\/image43.jpg 2048w\" sizes=\"(max-width: 800px) 100vw, 800px\" \/>\t\t\t\t\t\t\t\t\t\t\t\t\t\t\t<\/div>\n\t\t\t\t<\/div>\n\t\t\t\t\t<\/div>\n\t\t<\/div>\n\t\t\t\t\t\t\t<\/div>\n\t\t<\/section>\n\t\t\t\t<section class=\"elementor-section elementor-top-section elementor-element elementor-element-46c996d elementor-section-content-middle elementor-reverse-mobile elementor-section-boxed elementor-section-height-default elementor-section-height-default\" data-id=\"46c996d\" data-element_type=\"section\" id=\"marca-acores\">\n\t\t\t\t\t\t<div class=\"elementor-container elementor-column-gap-default\">\n\t\t\t\t\t<div class=\"elementor-column elementor-col-50 elementor-top-column elementor-element elementor-element-0597d89\" data-id=\"0597d89\" data-element_type=\"column\">\n\t\t\t<div class=\"elementor-widget-wrap elementor-element-populated\">\n\t\t\t\t\t\t\t\t<div class=\"elementor-element elementor-element-5680ff4 elementor-widget elementor-widget-heading\" data-id=\"5680ff4\" data-element_type=\"widget\" data-widget_type=\"heading.default\">\n\t\t\t\t<div class=\"elementor-widget-container\">\n\t\t\t<h2 class=\"elementor-heading-title elementor-size-default\">Marca A\u00e7ores (Azores Brand)<\/h2>\t\t<\/div>\n\t\t\t\t<\/div>\n\t\t\t\t<div class=\"elementor-element elementor-element-6c5c4a7 elementor-widget elementor-widget-text-editor\" data-id=\"6c5c4a7\" data-element_type=\"widget\" data-widget_type=\"text-editor.default\">\n\t\t\t\t<div class=\"elementor-widget-container\">\n\t\t\t\t\t\t\t<p>Since 2016, the Marca A\u00e7ores seal has been affixed to each Sol e Brumas\u00ae product (crafts from artisans enrolled in the Centre for Design and Crafts of the Azores), as a simple and immediate recognition of the identity value of a regional product, with quality, reliability and of Azorean origin. Easily recognised and with an impact at national and international level, the products bearing the symbol, Marca A\u00e7ores \u2013 Certificado pela Natureza (\u201cAzores Brand \u2013 Certified by Nature\u201d) is associated with exceeding expectations and consumer satisfaction and has in view the promotion of the Region, domestically and abroad.<\/p>\t\t\t\t\t\t<\/div>\n\t\t\t\t<\/div>\n\t\t\t\t\t<\/div>\n\t\t<\/div>\n\t\t\t\t<div class=\"elementor-column elementor-col-50 elementor-top-column elementor-element elementor-element-d3aa353\" data-id=\"d3aa353\" data-element_type=\"column\">\n\t\t\t<div class=\"elementor-widget-wrap elementor-element-populated\">\n\t\t\t\t\t\t\t\t<div class=\"elementor-element elementor-element-34b1e5c elementor-widget elementor-widget-image\" data-id=\"34b1e5c\" data-element_type=\"widget\" data-widget_type=\"image.default\">\n\t\t\t\t<div class=\"elementor-widget-container\">\n\t\t\t\t\t\t\t\t\t\t\t\t\t\t\t<img loading=\"lazy\" decoding=\"async\" width=\"1080\" height=\"1080\" src=\"https:\/\/solebrumas.pt\/wp-content\/uploads\/2022\/05\/artesanato-acores.png\" class=\"attachment-full size-full wp-image-273\" alt=\"\" srcset=\"https:\/\/solebrumas.pt\/wp-content\/uploads\/2022\/05\/artesanato-acores.png 1080w, https:\/\/solebrumas.pt\/wp-content\/uploads\/2022\/05\/artesanato-acores-300x300.png 300w, https:\/\/solebrumas.pt\/wp-content\/uploads\/2022\/05\/artesanato-acores-1024x1024.png 1024w, https:\/\/solebrumas.pt\/wp-content\/uploads\/2022\/05\/artesanato-acores-150x150.png 150w, https:\/\/solebrumas.pt\/wp-content\/uploads\/2022\/05\/artesanato-acores-768x768.png 768w, https:\/\/solebrumas.pt\/wp-content\/uploads\/2022\/05\/artesanato-acores-600x600.png 600w, https:\/\/solebrumas.pt\/wp-content\/uploads\/2022\/05\/artesanato-acores-100x100.png 100w\" sizes=\"(max-width: 1080px) 100vw, 1080px\" \/>\t\t\t\t\t\t\t\t\t\t\t\t\t\t\t<\/div>\n\t\t\t\t<\/div>\n\t\t\t\t\t<\/div>\n\t\t<\/div>\n\t\t\t\t\t\t\t<\/div>\n\t\t<\/section>\n\t\t\t\t<section class=\"elementor-section elementor-top-section elementor-element elementor-element-49bf012 elementor-section-content-middle elementor-reverse-mobile elementor-section-boxed elementor-section-height-default elementor-section-height-default\" data-id=\"49bf012\" data-element_type=\"section\" id=\"artesao\">\n\t\t\t\t\t\t<div class=\"elementor-container elementor-column-gap-default\">\n\t\t\t\t\t<div class=\"elementor-column elementor-col-50 elementor-top-column elementor-element elementor-element-39dc569\" data-id=\"39dc569\" data-element_type=\"column\">\n\t\t\t<div class=\"elementor-widget-wrap elementor-element-populated\">\n\t\t\t\t\t\t\t\t<div class=\"elementor-element elementor-element-2d09e8d elementor-widget elementor-widget-heading\" data-id=\"2d09e8d\" data-element_type=\"widget\" data-widget_type=\"heading.default\">\n\t\t\t\t<div class=\"elementor-widget-container\">\n\t\t\t<h2 class=\"elementor-heading-title elementor-size-default\">Statute of Artisan and Craft Production Unit<\/h2>\t\t<\/div>\n\t\t\t\t<\/div>\n\t\t\t\t<div class=\"elementor-element elementor-element-90ffc11 elementor-widget elementor-widget-text-editor\" data-id=\"90ffc11\" data-element_type=\"widget\" data-widget_type=\"text-editor.default\">\n\t\t\t\t<div class=\"elementor-widget-container\">\n\t\t\t\t\t\t\t<p>Since 2015, having the Statute of Artisan and Craft Production Unit, a title called the \u201cartisan\u2019s charter\u201d, is the recognition by the Centre for Crafts and Design of the Azores of the artisan\u2019s contribution to regional arts and crafts, in terms of respect for the knowledge and techniques inherent to the activity and refined aesthetic sense and manual skill, as well as for the promotion and enrichment of the sector and revitalisation of the economy and employment at a local level.<\/p>\t\t\t\t\t\t<\/div>\n\t\t\t\t<\/div>\n\t\t\t\t\t<\/div>\n\t\t<\/div>\n\t\t\t\t<div class=\"elementor-column elementor-col-50 elementor-top-column elementor-element elementor-element-7e04ea9\" data-id=\"7e04ea9\" data-element_type=\"column\">\n\t\t\t<div class=\"elementor-widget-wrap elementor-element-populated\">\n\t\t\t\t\t\t\t\t<div class=\"elementor-element elementor-element-d6e0467 elementor-widget elementor-widget-image\" data-id=\"d6e0467\" data-element_type=\"widget\" data-widget_type=\"image.default\">\n\t\t\t\t<div class=\"elementor-widget-container\">\n\t\t\t\t\t\t\t\t\t\t\t\t\t\t\t<img loading=\"lazy\" decoding=\"async\" width=\"1080\" height=\"497\" src=\"https:\/\/solebrumas.pt\/wp-content\/uploads\/2022\/05\/UPA.png\" class=\"attachment-full size-full wp-image-274\" alt=\"\" srcset=\"https:\/\/solebrumas.pt\/wp-content\/uploads\/2022\/05\/UPA.png 1080w, https:\/\/solebrumas.pt\/wp-content\/uploads\/2022\/05\/UPA-300x138.png 300w, https:\/\/solebrumas.pt\/wp-content\/uploads\/2022\/05\/UPA-1024x471.png 1024w, https:\/\/solebrumas.pt\/wp-content\/uploads\/2022\/05\/UPA-768x353.png 768w, https:\/\/solebrumas.pt\/wp-content\/uploads\/2022\/05\/UPA-600x276.png 600w\" sizes=\"(max-width: 1080px) 100vw, 1080px\" \/>\t\t\t\t\t\t\t\t\t\t\t\t\t\t\t<\/div>\n\t\t\t\t<\/div>\n\t\t\t\t\t<\/div>\n\t\t<\/div>\n\t\t\t\t\t\t\t<\/div>\n\t\t<\/section>\n\t\t\t\t<section class=\"elementor-section elementor-top-section elementor-element elementor-element-859d344 elementor-section-content-middle elementor-reverse-mobile elementor-section-boxed elementor-section-height-default elementor-section-height-default\" data-id=\"859d344\" data-element_type=\"section\">\n\t\t\t\t\t\t<div class=\"elementor-container elementor-column-gap-default\">\n\t\t\t\t\t<div class=\"elementor-column elementor-col-50 elementor-top-column elementor-element elementor-element-f9874d1\" data-id=\"f9874d1\" data-element_type=\"column\">\n\t\t\t<div class=\"elementor-widget-wrap elementor-element-populated\">\n\t\t\t\t\t\t\t\t<div class=\"elementor-element elementor-element-4d8b0d7 elementor-widget elementor-widget-heading\" data-id=\"4d8b0d7\" data-element_type=\"widget\" data-widget_type=\"heading.default\">\n\t\t\t\t<div class=\"elementor-widget-container\">\n\t\t\t<h2 class=\"elementor-heading-title elementor-size-default\">Certification of the Collective Brand, Artesanato dos A\u00e7ores, in the area of hats<\/h2>\t\t<\/div>\n\t\t\t\t<\/div>\n\t\t\t\t<div class=\"elementor-element elementor-element-cba1b27 elementor-widget elementor-widget-text-editor\" data-id=\"cba1b27\" data-element_type=\"widget\" data-widget_type=\"text-editor.default\">\n\t\t\t\t<div class=\"elementor-widget-container\">\n\t\t\t\t\t\t\t<p>In September 2022, Sol e Brumas obtained certification for the \u201cCollective Brand, Artesanato dos A\u00e7ores, in the area of hats, in accordance with Directive No. 111\/2021 of 14th October 2021, which regulates the collective brand certification, Artesanato dos A\u00e7ores for products traditionally manufactured in the Region.\u201d This distinction adds value\/recognition to artisanal work and links it to the cultural heritage of the Azores.<\/p>\t\t\t\t\t\t<\/div>\n\t\t\t\t<\/div>\n\t\t\t\t\t<\/div>\n\t\t<\/div>\n\t\t\t\t<div class=\"elementor-column elementor-col-50 elementor-top-column elementor-element elementor-element-45061dd\" data-id=\"45061dd\" data-element_type=\"column\">\n\t\t\t<div class=\"elementor-widget-wrap elementor-element-populated\">\n\t\t\t\t\t\t\t\t<div class=\"elementor-element elementor-element-c578927 elementor-widget elementor-widget-image\" data-id=\"c578927\" data-element_type=\"widget\" data-widget_type=\"image.default\">\n\t\t\t\t<div class=\"elementor-widget-container\">\n\t\t\t\t\t\t\t\t\t\t\t\t\t\t\t<img loading=\"lazy\" decoding=\"async\" width=\"839\" height=\"1036\" src=\"https:\/\/solebrumas.pt\/wp-content\/uploads\/2022\/11\/simbolo-CADA-produto-certificado.jpg\" class=\"attachment-full size-full wp-image-2384\" alt=\"\" srcset=\"https:\/\/solebrumas.pt\/wp-content\/uploads\/2022\/11\/simbolo-CADA-produto-certificado.jpg 839w, https:\/\/solebrumas.pt\/wp-content\/uploads\/2022\/11\/simbolo-CADA-produto-certificado-243x300.jpg 243w, https:\/\/solebrumas.pt\/wp-content\/uploads\/2022\/11\/simbolo-CADA-produto-certificado-829x1024.jpg 829w, https:\/\/solebrumas.pt\/wp-content\/uploads\/2022\/11\/simbolo-CADA-produto-certificado-768x948.jpg 768w, https:\/\/solebrumas.pt\/wp-content\/uploads\/2022\/11\/simbolo-CADA-produto-certificado-600x741.jpg 600w\" sizes=\"(max-width: 839px) 100vw, 839px\" \/>\t\t\t\t\t\t\t\t\t\t\t\t\t\t\t<\/div>\n\t\t\t\t<\/div>\n\t\t\t\t\t<\/div>\n\t\t<\/div>\n\t\t\t\t\t\t\t<\/div>\n\t\t<\/section>\n\t\t\t\t\t\t\t<\/div>","protected":false},"excerpt":{"rendered":"<p>HIST\u00d3RIA DA MARCA O primeiro chap\u00e9u O primeiro chap\u00e9u foi feito num impulso. Ap\u00f3s ter visto a fotografia de um chap\u00e9u feito com tiras de tecido numa revista da Burda, resolvi fazer um chap\u00e9u para mim. Sem moldes de refer\u00eancia nem experi\u00eancia em fazer chap\u00e9us, valeu-me a observa\u00e7\u00e3o da fotografia e a legenda que a [&hellip;]<\/p>","protected":false},"author":1,"featured_media":0,"parent":0,"menu_order":0,"comment_status":"closed","ping_status":"closed","template":"","meta":{"inline_featured_image":false,"footnotes":""},"class_list":["post-93","page","type-page","status-publish","hentry"],"_links":{"self":[{"href":"https:\/\/solebrumas.pt\/en\/wp-json\/wp\/v2\/pages\/93"}],"collection":[{"href":"https:\/\/solebrumas.pt\/en\/wp-json\/wp\/v2\/pages"}],"about":[{"href":"https:\/\/solebrumas.pt\/en\/wp-json\/wp\/v2\/types\/page"}],"author":[{"embeddable":true,"href":"https:\/\/solebrumas.pt\/en\/wp-json\/wp\/v2\/users\/1"}],"replies":[{"embeddable":true,"href":"https:\/\/solebrumas.pt\/en\/wp-json\/wp\/v2\/comments?post=93"}],"version-history":[{"count":0,"href":"https:\/\/solebrumas.pt\/en\/wp-json\/wp\/v2\/pages\/93\/revisions"}],"wp:attachment":[{"href":"https:\/\/solebrumas.pt\/en\/wp-json\/wp\/v2\/media?parent=93"}],"curies":[{"name":"wp","href":"https:\/\/api.w.org\/{rel}","templated":true}]}}