{"id":3064,"date":"2023-01-03T15:51:22","date_gmt":"2023-01-03T15:51:22","guid":{"rendered":"https:\/\/solebrumas.pt\/?post_type=product&#038;p=3064"},"modified":"2023-03-16T12:35:08","modified_gmt":"2023-03-16T12:35:08","slug":"personaliza-o-teu-saco","status":"publish","type":"product","link":"https:\/\/solebrumas.pt\/en\/product\/personaliza-o-teu-saco\/","title":{"rendered":"Customize your bag"},"content":{"rendered":"","protected":false},"excerpt":{"rendered":"<div class=\"elementor-element elementor-element-7ed7f4f elementor-widget elementor-widget-woocommerce-product-content\" data-id=\"7ed7f4f\" data-element_type=\"widget\" data-widget_type=\"woocommerce-product-content.default\">\n<div class=\"elementor-widget-container\">\n<p>Os produtos s\u00e3o artesanais pelo que n\u00e3o se garante r\u00e9plicas de algum modelo que conste no website ou a total utiliza\u00e7\u00e3o de cores ou texturas visuais, s\u00e3o artigos \u00fanicos, sendo que se tentar\u00e1 ir, o mais poss\u00edvel, de encontro do exemplo.<\/p>\n<p>Antes da confe\u00e7\u00e3o do artigo ser\u00e1 contactado pela nossa artes\u00e3 e ser\u00e3o enviadas fotografias do produto confecionado de acordo com o pedido.<\/p>\n<p>O cliente ao confirmar o pedido, ser\u00e1 enviado o artigo. Se o cliente n\u00e3o concordar com a(s) proposta(s) realizada(s), ser\u00e1 devolvido o dinheiro.<\/p>\n<\/div>\n<\/div>","protected":false},"featured_media":3085,"comment_status":"open","ping_status":"closed","template":"","meta":{"inline_featured_image":false},"product_cat":[22],"product_tag":[67],"class_list":["post-3064","product","type-product","status-publish","has-post-thumbnail","hentry","product_cat-chapeu","product_tag-personalizado"],"_links":{"self":[{"href":"https:\/\/solebrumas.pt\/en\/wp-json\/wp\/v2\/product\/3064"}],"collection":[{"href":"https:\/\/solebrumas.pt\/en\/wp-json\/wp\/v2\/product"}],"about":[{"href":"https:\/\/solebrumas.pt\/en\/wp-json\/wp\/v2\/types\/product"}],"replies":[{"embeddable":true,"href":"https:\/\/solebrumas.pt\/en\/wp-json\/wp\/v2\/comments?post=3064"}],"wp:featuredmedia":[{"embeddable":true,"href":"https:\/\/solebrumas.pt\/en\/wp-json\/wp\/v2\/media\/3085"}],"wp:attachment":[{"href":"https:\/\/solebrumas.pt\/en\/wp-json\/wp\/v2\/media?parent=3064"}],"wp:term":[{"taxonomy":"product_cat","embeddable":true,"href":"https:\/\/solebrumas.pt\/en\/wp-json\/wp\/v2\/product_cat?post=3064"},{"taxonomy":"product_tag","embeddable":true,"href":"https:\/\/solebrumas.pt\/en\/wp-json\/wp\/v2\/product_tag?post=3064"}],"curies":[{"name":"wp","href":"https:\/\/api.w.org\/{rel}","templated":true}]}}